{"id":15285,"date":"2017-06-22T14:51:32","date_gmt":"2017-06-22T12:51:32","guid":{"rendered":"https:\/\/www.tourisme-aveyron-segala.fr\/?page_id=15285\/"},"modified":"2017-06-22T14:51:32","modified_gmt":"2017-06-22T12:51:32","slug":"media-library","status":"publish","type":"page","link":"https:\/\/www.tourisme-aveyron-segala.fr\/en\/associations-local-life\/media-library\/","title":{"rendered":"Media library"},"content":{"rendered":"<div class=\"navigation-oit-container\" id=\"topListe\">\n\t\t<div class=\"navigation-oit\">\n\t\t\t<h2>Biblioth\u00e8que de Vabre-Tizac<\/h2>\n\t\t\t<a href=\"#topListe\" class=\"onlyListe actif\"><span class=\"label\">List<\/span><\/a>\n\t\t\t<a href=\"#topListe\" class=\"listeMap\"><span class=\"label\">List and map<\/span><\/a>\n\t\t\t<a href=\"#topListe\" class=\"onlyMap\"><span class=\"label\">Map<\/span><\/a>\n\t\t<\/div>\n\t<\/div><ul class=\"fiches-oi\" id=\"liste-fiches\"><li data-tn_identifier=\"12198-ORG-2010042700050945\" data-counterTxt=\"01\" data-tn_code=|02.01.10 ><a href=\"https:\/\/www.tourisme-aveyron-segala.fr\/en\/oit\/mediatheque-intercommunale-rieupeyroux-2\/?lis_id=20\" title=\"Read more...\"><span class=\"symbole imageOrg\"><\/span><span class=\"vignette\" style=\"background-image:url(https:\/\/www.tourisme-aveyron-segala.fr\/wp-content\/uploads\/2017\/06\/600-876.webp);\"><\/span><span class=\"counter\">01<\/span><span class=\"picto\"><img src=\"https:\/\/www.tourisme-aveyron-segala.fr\/wp-content\/plugins\/sc_travelnode\/im\/clairs\/pictoOrg.png\"><\/span><h4 class=\"titreFiche\">M\u00e9diath\u00e8que de Rieupeyroux<\/h4><span class=\"commmune\">Rieupeyroux<\/span><span class=\"criteres\"><\/span><\/a><\/li><li data-tn_identifier=\"12258-ORG-20120918102323461\" data-counterTxt=\"02\" data-tn_code=|02.01.10 ><a href=\"https:\/\/www.tourisme-aveyron-segala.fr\/en\/oit\/mediatheque-intercommunale-la-salvetat-peyrales-2\/?lis_id=20\" title=\"Read more...\"><span class=\"symbole imageOrg\"><\/span><span class=\"vignette\" style=\"background-image:url(https:\/\/www.tourisme-aveyron-segala.fr\/wp-content\/uploads\/2017\/06\/600-1074.webp);\"><\/span><span class=\"counter\">02<\/span><span class=\"picto\"><img src=\"https:\/\/www.tourisme-aveyron-segala.fr\/wp-content\/plugins\/sc_travelnode\/im\/clairs\/pictoOrg.png\"><\/span><h4 class=\"titreFiche\">M\u00e9diath\u00e8que Jean Boudou<\/h4><span class=\"commmune\">La Salvetat-Peyral\u00e8s<\/span><span class=\"criteres\"><\/span><\/a><\/li><li data-tn_identifier=\"12258-ORG-20120918102323461\" data-counterTxt=\"03\" data-tn_code=|02.01.10 ><a href=\"https:\/\/www.tourisme-aveyron-segala.fr\/en\/oit\/mediatheque-intercommunale-la-salvetat-peyrales-2\/?lis_id=20\" title=\"Read more...\"><span class=\"symbole imageOrg\"><\/span><span class=\"vignette\" style=\"background-image:url(https:\/\/www.tourisme-aveyron-segala.fr\/wp-content\/uploads\/2017\/06\/600-1074.webp);\"><\/span><span class=\"counter\">03<\/span><span class=\"picto\"><img src=\"https:\/\/www.tourisme-aveyron-segala.fr\/wp-content\/plugins\/sc_travelnode\/im\/clairs\/pictoOrg.png\"><\/span><h4 class=\"titreFiche\">M\u00e9diath\u00e8que Jean Boudou<\/h4><span class=\"commmune\">La Salvetat-Peyral\u00e8s<\/span><span class=\"criteres\"><\/span><\/a><\/li><li data-tn_identifier=\"12021-ORG-20170609154023570\" data-counterTxt=\"04\" data-tn_code=|02.01.10 ><a href=\"https:\/\/www.tourisme-aveyron-segala.fr\/en\/oit\/bibliotheque-intercommunale-la-bastide-leveque-2\/?lis_id=20\" title=\"Read more...\"><span class=\"symbole imageOrg\"><\/span><span class=\"vignette\" style=\"background-image:url(https:\/\/www.tourisme-aveyron-segala.fr\/wp-content\/uploads\/2017\/06\/600-579.webp);\"><\/span><span class=\"counter\">04<\/span><span class=\"picto\"><img src=\"https:\/\/www.tourisme-aveyron-segala.fr\/wp-content\/plugins\/sc_travelnode\/im\/clairs\/pictoOrg.png\"><\/span><h4 class=\"titreFiche\">M\u00e9diath\u00e8que  de La Bastide l'Ev\u00eaque<\/h4><span class=\"commmune\">Le Bas S\u00e9gala<\/span><span class=\"criteres\"><\/span><\/a><\/li><li data-tn_identifier=\"12021-ORG-20170621144455777\" data-counterTxt=\"05\" data-tn_code=|02.01.10 ><a href=\"https:\/\/www.tourisme-aveyron-segala.fr\/en\/oit\/bibliotheque-intercommunale-st-salvadou-2\/?lis_id=20\" title=\"Read more...\"><span class=\"symbole imageOrg\"><\/span><span class=\"vignette\" style=\"background-image:url(https:\/\/www.tourisme-aveyron-segala.fr\/wp-content\/uploads\/2017\/06\/600-580.webp);\"><\/span><span class=\"counter\">05<\/span><span class=\"picto\"><img src=\"https:\/\/www.tourisme-aveyron-segala.fr\/wp-content\/plugins\/sc_travelnode\/im\/clairs\/pictoOrg.png\"><\/span><h4 class=\"titreFiche\">Biblioth\u00e8que de Saint Salvadou<\/h4><span class=\"commmune\">Le Bas S\u00e9gala<\/span><span class=\"criteres\"><\/span><\/a><\/li><li data-tn_identifier=\"12021-ORG-20170809112516864\" data-counterTxt=\"06\" data-tn_code=|02.01.10 ><a href=\"https:\/\/www.tourisme-aveyron-segala.fr\/en\/oit\/bibliotheque-de-vabre-tizac-2\/?lis_id=20\" title=\"Read more...\"><span class=\"symbole imageOrg\"><\/span><span class=\"vignette\" style=\"background-image:url(https:\/\/www.tourisme-aveyron-segala.fr\/wp-content\/uploads\/2017\/08\/600-32.webp);\"><\/span><span class=\"counter\">06<\/span><span class=\"picto\"><img src=\"https:\/\/www.tourisme-aveyron-segala.fr\/wp-content\/plugins\/sc_travelnode\/im\/clairs\/pictoOrg.png\"><\/span><h4 class=\"titreFiche\">Biblioth\u00e8que de Vabre-Tizac<\/h4><span class=\"commmune\">Le Bas S\u00e9gala<\/span><span class=\"criteres\"><\/span><\/a><\/li><\/ul>\n\t<script type=\"text\/javascript\">\n\t\/* <![CDATA[ *\/\n\t\tvar sc_page = {};\n\t\tsc_page.fichesPage = [\"12198-ORG-2010042700050945\",\"12258-ORG-20120918102323461\",\"12258-ORG-20120918102323461\",\"12021-ORG-20170609154023570\",\"12021-ORG-20170621144455777\",\"12021-ORG-20170809112516864\"];\n\t\tsc_page.zoom = 11;\n\t\tsc_page.lis_id = 20;\n\t\tsc_page.current_tn_identifier = \"\";\n\t\tsc_page.current_counter_text = \"\";\n\t\/* ]]> *\/\n\t<\/script>\n\t<div id=\"carto\"><\/div>\n","protected":false},"excerpt":{"rendered":"<p> [&#8230;]<\/p>\n<p><a class=\"btn btn-secondary understrap-read-more-link\" href=\"https:\/\/www.tourisme-aveyron-segala.fr\/en\/oit\/bibliotheque-de-vabre-tizac-2\/\">Read More&#8230;<\/a><\/p>\n","protected":false},"author":1,"featured_media":0,"parent":15328,"menu_order":0,"comment_status":"closed","ping_status":"closed","template":"page-templates\/page-listeOrg.php","meta":[],"_links":{"self":[{"href":"https:\/\/www.tourisme-aveyron-segala.fr\/en\/wp-json\/wp\/v2\/pages\/15285"}],"collection":[{"href":"https:\/\/www.tourisme-aveyron-segala.fr\/en\/wp-json\/wp\/v2\/pages"}],"about":[{"href":"https:\/\/www.tourisme-aveyron-segala.fr\/en\/wp-json\/wp\/v2\/types\/page"}],"author":[{"embeddable":true,"href":"https:\/\/www.tourisme-aveyron-segala.fr\/en\/wp-json\/wp\/v2\/users\/1"}],"replies":[{"embeddable":true,"href":"https:\/\/www.tourisme-aveyron-segala.fr\/en\/wp-json\/wp\/v2\/comments?post=15285"}],"version-history":[{"count":1,"href":"https:\/\/www.tourisme-aveyron-segala.fr\/en\/wp-json\/wp\/v2\/pages\/15285\/revisions"}],"predecessor-version":[{"id":15286,"href":"https:\/\/www.tourisme-aveyron-segala.fr\/en\/wp-json\/wp\/v2\/pages\/15285\/revisions\/15286"}],"up":[{"embeddable":true,"href":"https:\/\/www.tourisme-aveyron-segala.fr\/en\/wp-json\/wp\/v2\/pages\/15328"}],"wp:attachment":[{"href":"https:\/\/www.tourisme-aveyron-segala.fr\/en\/wp-json\/wp\/v2\/media?parent=15285"}],"curies":[{"name":"wp","href":"https:\/\/api.w.org\/{rel}","templated":true}]}}