{"id":14566,"date":"2017-06-19T11:43:07","date_gmt":"2017-06-19T09:43:07","guid":{"rendered":"https:\/\/www.tourisme-aveyron-segala.fr\/?page_id=14566\/"},"modified":"2017-06-29T17:34:13","modified_gmt":"2017-06-29T15:34:13","slug":"food-and-wine","status":"publish","type":"page","link":"https:\/\/www.tourisme-aveyron-segala.fr\/en\/gastronomy\/food-and-wine\/","title":{"rendered":"Food and Wine"},"content":{"rendered":"<h2>Wine<\/h2>\n<p><a href=\"https:\/\/www.tourisme-aveyron-segala.fr\/wp-content\/uploads\/VIN-MARCILLAC-0002-Tomaselli-Tourisme-Aveyron.jpg\"><img loading=\"lazy\" class=\"aligncenter wp-image-33592 size-large\" src=\"https:\/\/www.tourisme-aveyron-segala.fr\/wp-content\/uploads\/\/VIN-MARCILLAC-0002-Tomaselli-Tourisme-Aveyron-740x493.jpg\" alt=\"\" width=\"740\" height=\"493\" srcset=\"https:\/\/www.tourisme-aveyron-segala.fr\/wp-content\/uploads\/VIN-MARCILLAC-0002-Tomaselli-Tourisme-Aveyron-740x493.jpg 740w, https:\/\/www.tourisme-aveyron-segala.fr\/wp-content\/uploads\/VIN-MARCILLAC-0002-Tomaselli-Tourisme-Aveyron-300x200.jpg 300w, https:\/\/www.tourisme-aveyron-segala.fr\/wp-content\/uploads\/VIN-MARCILLAC-0002-Tomaselli-Tourisme-Aveyron-768x512.jpg 768w\" sizes=\"(max-width: 740px) 100vw, 740px\" \/><\/a><\/p>\n<h3>Marcillac \u2013 38 km<\/h3>\n<p>Marcillac is an AOC wine produced in the region of Marcillac-Vallon, just north of Rodez. Most of the production is red, but there is also some ros\u00e9. Recently some producers have launched white wines but these do not benefit from AOC status. The reds, produced from the fer servadou (mansois) grape, are tannic and well suited to most British palates. Some are oak aged and all share a characteristic nose of raspberry and blackcurrant.<\/p>\n<p>Marcillac goes well with local dishes such as aligot with sausage or tripoux as well as with all grilled meats (S\u00e9gala veal chops, Aubrac beef steaks or pork) and with local hard cheeses (laguiole, salers or cantal).<\/p>\n<p>Follow the link below to discover the Marcillac \u201cRoute des vins\u201d (in French and English).<\/p>\n<ul>\n<li><a href=\"http:\/\/www.tourisme-conques.fr\/fr\/vignoble-aop-marcillac\/route-vins.php\" target=\"_blank\" rel=\"noopener noreferrer\">La route des vins de Marcillac<\/a><\/li>\n<\/ul>\n<h3>Gaillac &#8211; 70 km<\/h3>\n<p>Gaillac is an AOC wine whose production spans both sides of the River Tarn. The town of Gaillac itself is 18 km from Albi and 50km from Toulouse and the area of wine cultivation is spread over 60 km\u00b2.<\/p>\n<p>Gaillac produces many different types of wine; red, ros\u00e9 and white, both dry and sweet, sparkling and semi-sparkling (perl\u00e9). Each type will accompany different dishes. The reds go well with charcuterie, red meats and cassoulet. The ros\u00e9s are summer wines, perfect for barbecues, salads and pizzas while the whites partner fish, shellfish and regional goats cheeses (cab\u00e9cou, raocamadour).<\/p>\n<p>You can find out more from the link (in French):<\/p>\n<ul>\n<li><a href=\"http:\/\/www.tourisme-tarn.com\/fr\/organiser\/degustation?labels%5B0%5D=06.03.12.02\" target=\"_blank\" rel=\"noopener noreferrer\">Visites de caves de Gaillac<\/a><\/li>\n<\/ul>\n<h3>Cahors &#8211; 83 km<\/h3>\n<p>The dark red wine of Cahors is probably the local wine which is best known in Britain and the USA. It has protected status (AOP). The wines are produced to the west of the town of Cahors, exclusively from the malbec grape (also known as cot or auxerrois).<\/p>\n<p>These wines go particularly well with red meats and hearty stews.<\/p>\n<p>You can find out more from the link (in French):<\/p>\n<ul>\n<li><a href=\"http:\/\/www.vindecahors.fr\/fr\/vignerons_negociants\/\" target=\"_blank\" rel=\"noopener noreferrer\">les vignerons de Cahors<\/a><\/li>\n<\/ul>\n<p>&nbsp;<\/p>\n<h2>Cheese<\/h2>\n<figure id=\"attachment_16572\" aria-describedby=\"caption-attachment-16572\" style=\"width: 740px\" class=\"wp-caption aligncenter\"><a href=\"https:\/\/www.tourisme-aveyron-segala.fr\/wp-content\/uploads\/Cabecous-M.Hennessy.jpg\"><img loading=\"lazy\" class=\"wp-image-33593 size-large\" src=\"https:\/\/www.tourisme-aveyron-segala.fr\/wp-content\/uploads\/\/Cabecous-M.Hennessy-740x493.jpg\" alt=\"\" width=\"740\" height=\"493\" srcset=\"https:\/\/www.tourisme-aveyron-segala.fr\/wp-content\/uploads\/Cabecous-M.Hennessy-740x493.jpg 740w, https:\/\/www.tourisme-aveyron-segala.fr\/wp-content\/uploads\/Cabecous-M.Hennessy-300x200.jpg 300w, https:\/\/www.tourisme-aveyron-segala.fr\/wp-content\/uploads\/Cabecous-M.Hennessy-768x512.jpg 768w\" sizes=\"(max-width: 740px) 100vw, 740px\" \/><\/a><figcaption id=\"caption-attachment-16572\" class=\"wp-caption-text\">Cab\u00e9cous de la ferme de Falgayroles<\/figcaption><\/figure>\n<h3>Roquefort<\/h3>\n<p>This cheese from the south of Aveyron is famous throughout the world and has protected AOP status. Made exclusively from unpasteurised ewes\u2019 milk, it is aged in underground caves where it develops its distinctive blue mould and its unique tangy taste.<\/p>\n<p>Full of character and tradition, it is equally at home spread on a slice of good country bread as in numerous recipes of haute-cuisine.<\/p>\n<h3>Cantal<\/h3>\n<p>Cantal is produced throughout the d\u00e9paertement of Cantal but also in 8 communes in the north of Aveyron. It is a pressed uncooked cows\u2019 milk cheese which must be aged at least 30 days to obtain the Cantal appellation. Such cheese would be called \u201cjeune\u201d (young), but two other ages exist, \u201centre-deux\u201d (between the two) ripened for between 3 and 7 months and \u201cvieux\u201d (old) which has to spend a minimum of 8 months ageing.<\/p>\n<p>Whether accompanied by a slice of bread, grated over a pizza or in a potato gratin, there are 1001 ways to enjoy it!<\/p>\n<h2>Dishes<\/h2>\n<p>&nbsp;<\/p>\n<p><a href=\"https:\/\/www.tourisme-aveyron-segala.fr\/wp-content\/uploads\/aligot-J.Tomaselli-TourismeAveyron.jpeg\"><img loading=\"lazy\" class=\"aligncenter size-large wp-image-33594\" src=\"https:\/\/www.tourisme-aveyron-segala.fr\/wp-content\/uploads\/\/aligot-J.Tomaselli-TourismeAveyron-740x493.jpeg\" alt=\"\" width=\"740\" height=\"493\" srcset=\"https:\/\/www.tourisme-aveyron-segala.fr\/wp-content\/uploads\/aligot-J.Tomaselli-TourismeAveyron-740x493.jpeg 740w, https:\/\/www.tourisme-aveyron-segala.fr\/wp-content\/uploads\/aligot-J.Tomaselli-TourismeAveyron-300x200.jpeg 300w, https:\/\/www.tourisme-aveyron-segala.fr\/wp-content\/uploads\/aligot-J.Tomaselli-TourismeAveyron-768x512.jpeg 768w\" sizes=\"(max-width: 740px) 100vw, 740px\" \/><\/a><\/p>\n<h3>Aligot<\/h3>\n<p>Alligot is THE signature dish of Aveyron, a pur\u00e9e made from potatoes, \u201ctomme fraiche or tomme d\u2019aligot\u201d cheese, cream, butter and garlic.<\/p>\n<p>Originally from the Aubrac in the north of Aveyron, this former subsistence meal has become a favourite dish for village f\u00eates, parties and celebrations, accompnied by locally produced grilled meat.<\/p>\n<p>A little story: in the 12th century many pilgrims crossed through the Aubrac, following the route to Santiago de Compostela. In the monastery, the monks fed themselves on \u201csomething or other, this and that\u201d (\u201caliquid\u201d in Latin), a mixture of cheese and breadcrumbs, which gave them back their strength and their courage. \u00a0In the 18th century, following a poor wheat harvest, the bread was replaced by potato pur\u00e9e.<\/p>\n<h3>Tripous<\/h3>\n<p>Please read on! It may be tripe, but not as you know it! For many years \u201cles tripous\u201d have been the traditional dish of the S\u00e9gala. Called \u201ctr\u00e9nels\u201d in the Millau region and \u201cpetites\u201d (the little ones) around Espalion, they became the everyday staple for a Sunday morning snack. Tripous are made from lamb or veal stomach, stuffed with ham, parsley and garlic and cooked in a veal stock laced with white wine. They are served with aligot or truffade or sometimes simply with jacket potatoes. Delicious!<\/p>\n","protected":false},"excerpt":{"rendered":"<p>Wine Marcillac \u2013 38 km Marcillac is an AOC wine produced in the region of Marcillac-Vallon, just north of Rodez. Most of the production is red, but there is also some ros\u00e9. Recently some producers have launched white wines but these do not benefit from AOC status. The reds, produced from the fer servadou (mansois) [&#8230;]<\/p>\n<p><a class=\"btn btn-secondary understrap-read-more-link\" href=\"https:\/\/www.tourisme-aveyron-segala.fr\/en\/gastronomy\/food-and-wine\/\">Read More&#8230;<\/a><\/p>\n","protected":false},"author":1,"featured_media":16571,"parent":14438,"menu_order":0,"comment_status":"closed","ping_status":"closed","template":"","meta":[],"_links":{"self":[{"href":"https:\/\/www.tourisme-aveyron-segala.fr\/en\/wp-json\/wp\/v2\/pages\/14566"}],"collection":[{"href":"https:\/\/www.tourisme-aveyron-segala.fr\/en\/wp-json\/wp\/v2\/pages"}],"about":[{"href":"https:\/\/www.tourisme-aveyron-segala.fr\/en\/wp-json\/wp\/v2\/types\/page"}],"author":[{"embeddable":true,"href":"https:\/\/www.tourisme-aveyron-segala.fr\/en\/wp-json\/wp\/v2\/users\/1"}],"replies":[{"embeddable":true,"href":"https:\/\/www.tourisme-aveyron-segala.fr\/en\/wp-json\/wp\/v2\/comments?post=14566"}],"version-history":[{"count":3,"href":"https:\/\/www.tourisme-aveyron-segala.fr\/en\/wp-json\/wp\/v2\/pages\/14566\/revisions"}],"predecessor-version":[{"id":16576,"href":"https:\/\/www.tourisme-aveyron-segala.fr\/en\/wp-json\/wp\/v2\/pages\/14566\/revisions\/16576"}],"up":[{"embeddable":true,"href":"https:\/\/www.tourisme-aveyron-segala.fr\/en\/wp-json\/wp\/v2\/pages\/14438"}],"wp:featuredmedia":[{"embeddable":true,"href":"https:\/\/www.tourisme-aveyron-segala.fr\/en\/wp-json\/wp\/v2\/media\/16571"}],"wp:attachment":[{"href":"https:\/\/www.tourisme-aveyron-segala.fr\/en\/wp-json\/wp\/v2\/media?parent=14566"}],"curies":[{"name":"wp","href":"https:\/\/api.w.org\/{rel}","templated":true}]}}