{"id":14527,"date":"2017-06-19T10:41:50","date_gmt":"2017-06-19T08:41:50","guid":{"rendered":"https:\/\/www.tourisme-aveyron-segala.fr\/?page_id=14527\/"},"modified":"2017-06-22T15:54:27","modified_gmt":"2017-06-22T13:54:27","slug":"sport","status":"publish","type":"page","link":"https:\/\/www.tourisme-aveyron-segala.fr\/en\/breath-fresh-air\/sport\/","title":{"rendered":"Sport events"},"content":{"rendered":"<div class=\"navigation-oit-container\" id=\"topListe\">\n\t\t<div class=\"navigation-oit\">\n\t\t\t<h2>Sport events<\/h2>\n\t\t\t<a href=\"#topListe\" class=\"onlyListe actif\"><span class=\"label\">List<\/span><\/a>\n\t\t\t<a href=\"#topListe\" class=\"listeMap\"><span class=\"label\">List and map<\/span><\/a>\n\t\t\t<a href=\"#topListe\" class=\"onlyMap\"><span class=\"label\">Map<\/span><\/a>\n\t\t<\/div>\n\t<\/div><ul class=\"fiches-oi\" id=\"liste-fiches\"><li data-tn_identifier=\"12262-FMA-20220602152705510\" data-counterTxt=\"01\" data-tn_code=|02.01.03|02.01.03.01.23|02.01.03.03.61|02.01.03.03.38 ><a href=\"https:\/\/www.tourisme-aveyron-segala.fr\/en\/oit\/sentier-dart-de-sauveterre-de-rouergue-2\/?lis_id=15\" title=\"Read more...\"><span class=\"symbole imageAgenda\"><\/span><span class=\"vignette\" style=\"background-image:url(https:\/\/www.tourisme-aveyron-segala.fr\/wp-content\/uploads\/2022\/07\/600-122.webp);\"><\/span><span class=\"counter\">01<\/span><span class=\"picto\"><img src=\"https:\/\/www.tourisme-aveyron-segala.fr\/wp-content\/plugins\/sc_travelnode\/im\/clairs\/pictoAgenda.png\"><\/span><h4 class=\"titreFiche\">Sentier d'art en bastide<\/h4><span class=\"commmune\">Sauveterre-de-Rouergue<\/span><span class=\"criteres\"><span class=\"periode\">- From Wednesday 01\/01\/2025 to Wednesday 31\/12\/2025<\/span><span class=\"comment\"> La visite du sentier se fait en totonomie, pour toute demande [...]<br><\/span><\/a><\/li><li data-tn_identifier=\"12144-FMA-20250331160447505\" data-counterTxt=\"02\" data-tn_code=|02.01.03|02.01.03.01.24|02.01.03.03.61|02.01.03.04.09 ><a href=\"https:\/\/www.tourisme-aveyron-segala.fr\/en\/oit\/journees-creation-saison-par-amuelette-2\/?lis_id=15\" title=\"Read more...\"><span class=\"symbole imageAgenda\"><\/span><span class=\"vignette\" style=\"background-image:url(https:\/\/www.tourisme-aveyron-segala.fr\/wp-content\/uploads\/2025\/09\/600-3.webp);\"><\/span><span class=\"counter\">02<\/span><span class=\"picto\"><img src=\"https:\/\/www.tourisme-aveyron-segala.fr\/wp-content\/plugins\/sc_travelnode\/im\/clairs\/pictoAgenda.png\"><\/span><h4 class=\"titreFiche\">Journ\u00e9es \"Cr\u00e9ation Saison\" par Amuelette<\/h4><span class=\"commmune\">Meljac<\/span><span class=\"criteres\"><span class=\"periode\">- Saturday 13\/12\/2025<\/span><span class=\"comment\"> 10h-17h<\/span> <span class=\"periode\">- Saturday 14\/03\/2026<\/span><span class=\"comment\"> 10h-17h<\/span> <span class=\"periode\">- Saturday 13\/06\/2026<\/span><span class=\"comment\"> 10h-17h<\/span>  <br><\/span><\/a><\/li><li data-tn_identifier=\"12144-FMA-20251125114959321\" data-counterTxt=\"03\" data-tn_code=|02.01.03|02.01.03.01.24|02.01.03.05.04|02.01.03.03.61|02.01.03.03.63|02.01.03.04.09 ><a href=\"https:\/\/www.tourisme-aveyron-segala.fr\/en\/oit\/journee-creation-saison-2\/?lis_id=15\" title=\"Read more...\"><span class=\"symbole imageAgenda\"><\/span><span class=\"vignette\" style=\"background-image:url(https:\/\/www.tourisme-aveyron-segala.fr\/wp-content\/uploads\/2025\/11\/600-71.webp);\"><\/span><span class=\"counter\">03<\/span><span class=\"picto\"><img src=\"https:\/\/www.tourisme-aveyron-segala.fr\/wp-content\/plugins\/sc_travelnode\/im\/clairs\/pictoAgenda.png\"><\/span><h4 class=\"titreFiche\">Journ\u00e9e \"Cr\u00e9ation Saison\"<\/h4><span class=\"commmune\">Meljac<\/span><span class=\"criteres\"><span class=\"periode\">- Saturday 13\/12\/2025<\/span><span class=\"comment\"> De 10h \u00e0 17h<\/span> <span class=\"periode\">- Saturday 14\/03\/2026<\/span><span class=\"comment\"> De 10h \u00e0 17h<\/span> <span class=\"periode\">- [...]<br><\/span><\/a><\/li><li data-tn_identifier=\"12262-FMA-20260226150011882\" data-counterTxt=\"04\" data-tn_code=|02.01.03|02.01.03.05.04|02.01.03.03.38 ><a href=\"https:\/\/www.tourisme-aveyron-segala.fr\/en\/oit\/rando-des-cent-vallees-2\/?lis_id=15\" title=\"Read more...\"><span class=\"symbole imageAgenda\"><\/span><span class=\"vignette\" style=\"background-image:url(https:\/\/www.tourisme-aveyron-segala.fr\/wp-content\/uploads\/2026\/02\/600-70.webp);\"><\/span><span class=\"counter\">04<\/span><span class=\"picto\"><img src=\"https:\/\/www.tourisme-aveyron-segala.fr\/wp-content\/plugins\/sc_travelnode\/im\/clairs\/pictoAgenda.png\"><\/span><h4 class=\"titreFiche\">Rando des cent vall\u00e9es<\/h4><span class=\"commmune\">Sauveterre-de-Rouergue<\/span><span class=\"criteres\"><span class=\"periode\">- Sunday 10\/05\/2026<\/span>  <br><\/span><\/a><\/li><li data-tn_identifier=\"12059-FMA-20220216103350490\" data-counterTxt=\"05\" data-tn_code=|02.01.03|02.01.03.01.04|02.01.03.04.09 ><a href=\"https:\/\/www.tourisme-aveyron-segala.fr\/en\/oit\/concours-hippique-de-la-chabraque-2\/?lis_id=15\" title=\"Read more...\"><span class=\"symbole imageAgenda\"><\/span><span class=\"vignette\" style=\"background-image:url(https:\/\/www.tourisme-aveyron-segala.fr\/wp-content\/uploads\/2026\/04\/600-21.webp);\"><\/span><span class=\"counter\">05<\/span><span class=\"picto\"><img src=\"https:\/\/www.tourisme-aveyron-segala.fr\/wp-content\/plugins\/sc_travelnode\/im\/clairs\/pictoAgenda.png\"><\/span><h4 class=\"titreFiche\">Concours hippique de La Chabraque<\/h4><span class=\"commmune\">Castanet<\/span><span class=\"criteres\"><span class=\"periode\">- Sunday 10\/05\/2026<\/span><span class=\"comment\"> \u00c0 partir de 08h<\/span>  <br><\/span><\/a><\/li><li data-tn_identifier=\"12234-FMA-20260414103040026\" data-counterTxt=\"06\" data-tn_code=|02.01.03|02.01.03.01.23|02.01.03.05.04|02.01.03.03.38|02.01.03.04.09 ><a href=\"https:\/\/www.tourisme-aveyron-segala.fr\/en\/oit\/rando-fromagere-2\/?lis_id=15\" title=\"Read more...\"><span class=\"symbole imageAgenda\"><\/span><span class=\"vignette\" style=\"background-image:url(https:\/\/www.tourisme-aveyron-segala.fr\/wp-content\/uploads\/2026\/04\/600-90.webp);\"><\/span><span class=\"counter\">06<\/span><span class=\"picto\"><img src=\"https:\/\/www.tourisme-aveyron-segala.fr\/wp-content\/plugins\/sc_travelnode\/im\/clairs\/pictoAgenda.png\"><\/span><h4 class=\"titreFiche\">Rando Fromag\u00e8re<\/h4><span class=\"commmune\">Sainte-Juliette-sur-Viaur<\/span><span class=\"criteres\"><span class=\"periode\">- Saturday 30\/05\/2026<\/span><span class=\"comment\"> D\u00e9part entre 16h et 17h.<\/span>  <br><\/span><\/a><\/li><li data-tn_identifier=\"12162-FMA-20250509102327314\" data-counterTxt=\"07\" data-tn_code=|02.01.03|02.01.03.01.22|02.01.03.05.04|02.01.03.03.38|02.01.03.03.69|02.01.03.04.12|02.01.03.04.14|02.01.03.04.09 ><a href=\"https:\/\/www.tourisme-aveyron-segala.fr\/en\/oit\/rando-gourmande-3\/?lis_id=15\" title=\"Read more...\"><span class=\"symbole imageAgenda\"><\/span><span class=\"vignette\" style=\"background-image:url(https:\/\/www.tourisme-aveyron-segala.fr\/wp-content\/uploads\/2026\/04\/600-116.webp);\"><\/span><span class=\"counter\">07<\/span><span class=\"picto\"><img src=\"https:\/\/www.tourisme-aveyron-segala.fr\/wp-content\/plugins\/sc_travelnode\/im\/clairs\/pictoAgenda.png\"><\/span><h4 class=\"titreFiche\">Rando gourmande<\/h4><span class=\"commmune\">Moyraz\u00e8s<\/span><span class=\"criteres\"><span class=\"periode\">- Saturday 30\/05\/2026<\/span><span class=\"comment\"> \u00c0 partir de 08h<\/span>  <br><\/span><\/a><\/li><li data-tn_identifier=\"12278-FMA-20250407105441794\" data-counterTxt=\"08\" data-tn_code=|02.01.03|02.01.03.01.25|02.01.03.01.26|02.01.03.01.30|02.01.03.01.22|02.01.03.05.04|02.01.03.03.68|02.01.03.03.38 ><a href=\"https:\/\/www.tourisme-aveyron-segala.fr\/en\/oit\/fete-de-la-saint-medard-2\/?lis_id=15\" title=\"Read more...\"><span class=\"symbole imageAgenda\"><\/span><span class=\"vignette\" style=\"background-image:url(https:\/\/www.tourisme-aveyron-segala.fr\/wp-content\/uploads\/2026\/03\/600-32.webp);\"><\/span><span class=\"counter\">08<\/span><span class=\"picto\"><img src=\"https:\/\/www.tourisme-aveyron-segala.fr\/wp-content\/plugins\/sc_travelnode\/im\/clairs\/pictoAgenda.png\"><\/span><h4 class=\"titreFiche\">F\u00eate de la Saint M\u00e9dard<\/h4><span class=\"commmune\">Tayrac<\/span><span class=\"criteres\"><span class=\"periode\">- From Saturday 13\/06\/2026 to Sunday 14\/06\/2026<\/span><span class=\"jour\"> - Sunday<\/span><span class=\"jour\"> - Saturday<\/span>  <br><\/span><\/a><\/li><li data-tn_identifier=\"12258-FMA-20260209151730374\" data-counterTxt=\"09\" data-tn_code=|02.01.03|02.01.03.01.26|02.01.03.01.22|02.01.03.05.04|02.01.03.05.05|02.01.03.03.38|02.01.03.04.12|02.01.03.04.14|02.01.03.04.09 ><a href=\"https:\/\/www.tourisme-aveyron-segala.fr\/en\/oit\/la-fete-du-viaur-2\/?lis_id=15\" title=\"Read more...\"><span class=\"symbole imageAgenda\"><\/span><span class=\"vignette\" style=\"background-image:url(https:\/\/www.tourisme-aveyron-segala.fr\/wp-content\/uploads\/2026\/02\/600-75.webp);\"><\/span><span class=\"counter\">09<\/span><span class=\"picto\"><img src=\"https:\/\/www.tourisme-aveyron-segala.fr\/wp-content\/plugins\/sc_travelnode\/im\/clairs\/pictoAgenda.png\"><\/span><h4 class=\"titreFiche\">La f\u00eate du Viaur<\/h4><span class=\"commmune\">La Salvetat-Peyral\u00e8s<\/span><span class=\"criteres\"><span class=\"periode\">- Sunday 14\/06\/2026<\/span>  <br><\/span><\/a><\/li><li data-tn_identifier=\"12189-FMA-20260330112324889\" data-counterTxt=\"10\" data-tn_code=|02.01.03|02.01.03.05.04|02.01.03.03.62|02.01.03.03.38 ><a href=\"https:\/\/www.tourisme-aveyron-segala.fr\/en\/oit\/randonnees-pedestres-les-parachutages-pour-la-resistance-2\/?lis_id=15\" title=\"Read more...\"><span class=\"symbole imageAgenda\"><\/span><span class=\"vignette\" style=\"background-image:url(https:\/\/www.tourisme-aveyron-segala.fr\/wp-content\/uploads\/2026\/03\/600-63.webp);\"><\/span><span class=\"counter\">10<\/span><span class=\"picto\"><img src=\"https:\/\/www.tourisme-aveyron-segala.fr\/wp-content\/plugins\/sc_travelnode\/im\/clairs\/pictoAgenda.png\"><\/span><h4 class=\"titreFiche\">Randonn\u00e9es p\u00e9destres : les parachutages pour la R\u00e9sistance<\/h4><span class=\"commmune\">Pradinas<\/span><span class=\"criteres\"><span class=\"periode\">- Sunday 14\/06\/2026<\/span><span class=\"comment\"> \u00c0 partir de 10h<\/span>  <br><\/span><\/a><\/li><li data-tn_identifier=\"12258-FMA-20260209153707719\" data-counterTxt=\"11\" data-tn_code=|02.01.03|02.01.03.01.22|02.01.03.05.04|02.01.03.05.05|02.01.03.03.38 ><a href=\"https:\/\/www.tourisme-aveyron-segala.fr\/en\/oit\/soiree-concert-2\/?lis_id=15\" title=\"Read more...\"><span class=\"symbole imageAgenda\"><\/span><span class=\"vignette indisponible\">No photo<\/span><span class=\"counter\">11<\/span><span class=\"picto\"><img src=\"https:\/\/www.tourisme-aveyron-segala.fr\/wp-content\/plugins\/sc_travelnode\/im\/clairs\/pictoAgenda.png\"><\/span><h4 class=\"titreFiche\">Soir\u00e9e concert<\/h4><span class=\"commmune\">La Salvetat-Peyral\u00e8s<\/span><span class=\"criteres\"><span class=\"periode\">- Saturday 27\/06\/2026<\/span>  <br><\/span><\/a><\/li><li data-tn_identifier=\"12021-FMA-20240118091335672\" data-counterTxt=\"12\" data-tn_code=|02.01.03|02.01.03.01.12|02.01.03.01.22|02.01.03.01.23|02.01.03.05.04|02.01.03.05.05|02.01.03.05.03|02.01.03.03.64|02.01.03.03.62|02.01.03.03.38|02.01.03.04.14 ><a href=\"https:\/\/www.tourisme-aveyron-segala.fr\/en\/oit\/journee-du-patrimoine-de-pays-a-la-bastide-leveque-2\/?lis_id=15\" title=\"Read more...\"><span class=\"symbole imageAgenda\"><\/span><span class=\"vignette\" style=\"background-image:url(https:\/\/www.tourisme-aveyron-segala.fr\/wp-content\/uploads\/2025\/12\/600-2.webp);\"><\/span><span class=\"counter\">12<\/span><span class=\"picto\"><img src=\"https:\/\/www.tourisme-aveyron-segala.fr\/wp-content\/plugins\/sc_travelnode\/im\/clairs\/pictoAgenda.png\"><\/span><h4 class=\"titreFiche\">Journ\u00e9e du patrimoine de pays \u00e0 La Bastide l'Ev\u00eaque<\/h4><span class=\"commmune\">Le Bas S\u00e9gala<\/span><span class=\"criteres\"><span class=\"periode\">- Sunday 28\/06\/2026<\/span><span class=\"comment\"> 8h30-18h<\/span>  <br><\/span><\/a><\/li><li data-tn_identifier=\"12198-FMA-20240206143312847\" data-counterTxt=\"13\" data-tn_code=|02.01.03|02.01.03.01.22|02.01.03.03.38|02.01.03.04.09 ><a href=\"https:\/\/www.tourisme-aveyron-segala.fr\/en\/oit\/rando-vtt-et-pedestre-la-rieupeyrousaine-2\/?lis_id=15\" title=\"Read more...\"><span class=\"symbole imageAgenda\"><\/span><span class=\"vignette\" style=\"background-image:url(https:\/\/www.tourisme-aveyron-segala.fr\/wp-content\/uploads\/2026\/03\/600-67.webp);\"><\/span><span class=\"counter\">13<\/span><span class=\"picto\"><img src=\"https:\/\/www.tourisme-aveyron-segala.fr\/wp-content\/plugins\/sc_travelnode\/im\/clairs\/pictoAgenda.png\"><\/span><h4 class=\"titreFiche\">Rando VTT et p\u00e9destre \"La Rieupeyrousaine\"<\/h4><span class=\"commmune\">Rieupeyroux<\/span><span class=\"criteres\"><span class=\"periode\">- Sunday 28\/06\/2026<\/span><span class=\"comment\"> d\u00e8s 8h<\/span>  <br><\/span><\/a><\/li><li data-tn_identifier=\"12021-FMA-20171109163838785\" data-counterTxt=\"14\" data-tn_code=|02.01.03|02.01.03.01.25|02.01.03.01.05|02.01.03.01.26|02.01.03.01.22|02.01.03.05.04|02.01.03.05.05|02.01.03.03.68|02.01.03.03.38|02.01.03.04.12|02.01.03.04.11|02.01.03.04.10 ><a href=\"https:\/\/www.tourisme-aveyron-segala.fr\/en\/oit\/la-bastide-leveque-en-fete-2\/?lis_id=15\" title=\"Read more...\"><span class=\"symbole imageAgenda\"><\/span><span class=\"vignette\" style=\"background-image:url(https:\/\/www.tourisme-aveyron-segala.fr\/wp-content\/uploads\/2025\/11\/600-58.webp);\"><\/span><span class=\"counter\">14<\/span><span class=\"picto\"><img src=\"https:\/\/www.tourisme-aveyron-segala.fr\/wp-content\/plugins\/sc_travelnode\/im\/clairs\/pictoAgenda.png\"><\/span><h4 class=\"titreFiche\">La Bastide l'Ev\u00eaque en f\u00eate<\/h4><span class=\"commmune\">Le Bas S\u00e9gala<\/span><span class=\"criteres\"><span class=\"periode\">- From Thursday 16\/07\/2026 to Sunday 19\/07\/2026<\/span><span class=\"jour\"> - Sunday<\/span><span class=\"jour\"> - Thirsday<\/span><span class=\"jour\"> - Friday<\/span><span class=\"jour\"> - Saturday<\/span> [...]<br><\/span><\/a><\/li><li data-tn_identifier=\"12021-FMA-20220512155354125\" data-counterTxt=\"15\" data-tn_code=|02.01.03|02.01.03.01.23|02.01.03.03.62|02.01.03.03.38|02.01.03.04.14 ><a href=\"https:\/\/www.tourisme-aveyron-segala.fr\/en\/oit\/la-bastide-leveque-visitrando-de-la-bastide-aux-martinets-du-lezert-2\/?lis_id=15\" title=\"Read more...\"><span class=\"symbole imageAgenda\"><\/span><span class=\"vignette\" style=\"background-image:url(https:\/\/www.tourisme-aveyron-segala.fr\/wp-content\/uploads\/2026\/02\/600-150.webp);\"><\/span><span class=\"counter\">15<\/span><span class=\"picto\"><img src=\"https:\/\/www.tourisme-aveyron-segala.fr\/wp-content\/plugins\/sc_travelnode\/im\/clairs\/pictoAgenda.png\"><\/span><h4 class=\"titreFiche\">La Bastide l'Ev\u00eaque \"visit'rando de la bastide aux martinets du L\u00e9zert\"<\/h4><span class=\"commmune\">Le Bas S\u00e9gala<\/span><span class=\"criteres\"><span class=\"periode\">- Thursday 16\/07\/2026<\/span><span class=\"comment\"> 14h30<\/span> <span class=\"periode\">- Thursday 23\/07\/2026<\/span><span class=\"comment\"> 14h30<\/span> <span class=\"periode\">- Thursday 30\/07\/2026<\/span><span class=\"comment\"> 14h30<\/span> <span class=\"periode\">- [...]<br><\/span><\/a><\/li><li data-tn_identifier=\"12198-FMA-20220307091832296\" data-counterTxt=\"16\" data-tn_code=|02.01.03|02.01.03.01.25|02.01.03.01.05|02.01.03.01.26|02.01.03.01.22|02.01.03.01.19|02.01.03.03.38|02.01.03.04.11 ><a href=\"https:\/\/www.tourisme-aveyron-segala.fr\/en\/oit\/le-theron-en-fete-2\/?lis_id=15\" title=\"Read more...\"><span class=\"symbole imageAgenda\"><\/span><span class=\"vignette indisponible\">No photo<\/span><span class=\"counter\">16<\/span><span class=\"picto\"><img src=\"https:\/\/www.tourisme-aveyron-segala.fr\/wp-content\/plugins\/sc_travelnode\/im\/clairs\/pictoAgenda.png\"><\/span><h4 class=\"titreFiche\">Le Th\u00e9ron en f\u00eate<\/h4><span class=\"commmune\">Rieupeyroux<\/span><span class=\"criteres\"><span class=\"periode\">- From Saturday 18\/07\/2026 to Sunday 19\/07\/2026<\/span><span class=\"jour\"> - Sunday<\/span><span class=\"jour\"> - Saturday<\/span>  <br><\/span><\/a><\/li><li data-tn_identifier=\"12258-FMA-20260209153511271\" data-counterTxt=\"17\" data-tn_code=|02.01.03|02.01.03.01.22|02.01.03.05.04|02.01.03.05.05|02.01.03.03.38 ><a href=\"https:\/\/www.tourisme-aveyron-segala.fr\/en\/oit\/rando-pizza-2\/?lis_id=15\" title=\"Read more...\"><span class=\"symbole imageAgenda\"><\/span><span class=\"vignette indisponible\">No photo<\/span><span class=\"counter\">17<\/span><span class=\"picto\"><img src=\"https:\/\/www.tourisme-aveyron-segala.fr\/wp-content\/plugins\/sc_travelnode\/im\/clairs\/pictoAgenda.png\"><\/span><h4 class=\"titreFiche\">Rando Pizza<\/h4><span class=\"commmune\">La Salvetat-Peyral\u00e8s<\/span><span class=\"criteres\"><span class=\"periode\">- Sunday 19\/07\/2026<\/span>  <br><\/span><\/a><\/li><li data-tn_identifier=\"12198-FMA-20260226152737102\" data-counterTxt=\"18\" data-tn_code=|02.01.03|02.01.03.05.04|02.01.03.03.38 ><a href=\"https:\/\/www.tourisme-aveyron-segala.fr\/en\/oit\/le-chemin-de-la-bessiere-2\/?lis_id=15\" title=\"Read more...\"><span class=\"symbole imageAgenda\"><\/span><span class=\"vignette\" style=\"background-image:url(https:\/\/www.tourisme-aveyron-segala.fr\/wp-content\/uploads\/2026\/02\/600-67.webp);\"><\/span><span class=\"counter\">18<\/span><span class=\"picto\"><img src=\"https:\/\/www.tourisme-aveyron-segala.fr\/wp-content\/plugins\/sc_travelnode\/im\/clairs\/pictoAgenda.png\"><\/span><h4 class=\"titreFiche\">Randonn\u00e9e - Le chemin de la Bessi\u00e8re<\/h4><span class=\"commmune\">Rieupeyroux<\/span><span class=\"criteres\"><span class=\"periode\">- Sunday 02\/08\/2026<\/span>  <br><\/span><\/a><\/li><li data-tn_identifier=\"12065-FMA-20260226153111446\" data-counterTxt=\"19\" data-tn_code=|02.01.03|02.01.03.05.04|02.01.03.03.38 ><a href=\"https:\/\/www.tourisme-aveyron-segala.fr\/en\/oit\/rando-matinale-2\/?lis_id=15\" title=\"Read more...\"><span class=\"symbole imageAgenda\"><\/span><span class=\"vignette\" style=\"background-image:url(https:\/\/www.tourisme-aveyron-segala.fr\/wp-content\/uploads\/2026\/02\/600-71.webp);\"><\/span><span class=\"counter\">19<\/span><span class=\"picto\"><img src=\"https:\/\/www.tourisme-aveyron-segala.fr\/wp-content\/plugins\/sc_travelnode\/im\/clairs\/pictoAgenda.png\"><\/span><h4 class=\"titreFiche\">Rando Matinale<\/h4><span class=\"commmune\">Centr\u00e8s<\/span><span class=\"criteres\"><span class=\"periode\">- Sunday 02\/08\/2026<\/span>  <br><\/span><\/a><\/li><li data-tn_identifier=\"12198-FMA-20220307095307931\" data-counterTxt=\"20\" data-tn_code=|02.01.03|02.01.03.01.26|02.01.03.01.12|02.01.03.01.22|02.01.03.03.38 ><a href=\"https:\/\/www.tourisme-aveyron-segala.fr\/en\/oit\/fete-de-la-pomme-de-terre-et-du-veau-daveyron-2\/?lis_id=15\" title=\"Read more...\"><span class=\"symbole imageAgenda\"><\/span><span class=\"vignette\" style=\"background-image:url(https:\/\/www.tourisme-aveyron-segala.fr\/wp-content\/uploads\/2026\/04\/600-127.webp);\"><\/span><span class=\"counter\">20<\/span><span class=\"picto\"><img src=\"https:\/\/www.tourisme-aveyron-segala.fr\/wp-content\/plugins\/sc_travelnode\/im\/clairs\/pictoAgenda.png\"><\/span><h4 class=\"titreFiche\">F\u00eate de la pomme de terre et du veau d'Aveyron<\/h4><span class=\"commmune\">Rieupeyroux<\/span><span class=\"criteres\"><span class=\"periode\">- Sunday 02\/08\/2026<\/span>  <br><\/span><\/a><\/li><li data-tn_identifier=\"12021-FMA-20200124102520281\" data-counterTxt=\"21\" data-tn_code=|02.01.03|02.01.03.03.38 ><a href=\"https:\/\/www.tourisme-aveyron-segala.fr\/en\/oit\/randonnee-semi-nocturne-autour-de-la-bastide-leveque-2\/?lis_id=15\" title=\"Read more...\"><span class=\"symbole imageAgenda\"><\/span><span class=\"vignette\" style=\"background-image:url(https:\/\/www.tourisme-aveyron-segala.fr\/wp-content\/uploads\/2025\/12\/600-9.webp);\"><\/span><span class=\"counter\">21<\/span><span class=\"picto\"><img src=\"https:\/\/www.tourisme-aveyron-segala.fr\/wp-content\/plugins\/sc_travelnode\/im\/clairs\/pictoAgenda.png\"><\/span><h4 class=\"titreFiche\">Randonn\u00e9e semi-nocturne autour de La Bastide l'Ev\u00eaque<\/h4><span class=\"commmune\">Le Bas S\u00e9gala<\/span><span class=\"criteres\"><span class=\"periode\">- Friday 21\/08\/2026<\/span><span class=\"comment\"> 19h<\/span>  <br><\/span><\/a><\/li><li data-tn_identifier=\"12194-FMA-20260226155451604\" data-counterTxt=\"22\" data-tn_code=|02.01.03|02.01.03.05.04|02.01.03.03.38 ><a href=\"https:\/\/www.tourisme-aveyron-segala.fr\/en\/oit\/la-quinsoise-2\/?lis_id=15\" title=\"Read more...\"><span class=\"symbole imageAgenda\"><\/span><span class=\"vignette\" style=\"background-image:url(https:\/\/www.tourisme-aveyron-segala.fr\/wp-content\/uploads\/2026\/02\/600-72.webp);\"><\/span><span class=\"counter\">22<\/span><span class=\"picto\"><img src=\"https:\/\/www.tourisme-aveyron-segala.fr\/wp-content\/plugins\/sc_travelnode\/im\/clairs\/pictoAgenda.png\"><\/span><h4 class=\"titreFiche\">La Quinsoise<\/h4><span class=\"commmune\">Quins<\/span><span class=\"criteres\"><span class=\"periode\">- Sunday 04\/10\/2026<\/span>  <br><\/span><\/a><\/li><li data-tn_identifier=\"12065-FMA-20260226155833010\" data-counterTxt=\"23\" data-tn_code=|02.01.03|02.01.03.05.04|02.01.03.03.38 ><a href=\"https:\/\/www.tourisme-aveyron-segala.fr\/en\/oit\/rando-gourmande-2\/?lis_id=15\" title=\"Read more...\"><span class=\"symbole imageAgenda\"><\/span><span class=\"vignette\" style=\"background-image:url(https:\/\/www.tourisme-aveyron-segala.fr\/wp-content\/uploads\/2026\/02\/600-97.webp);\"><\/span><span class=\"counter\">23<\/span><span class=\"picto\"><img src=\"https:\/\/www.tourisme-aveyron-segala.fr\/wp-content\/plugins\/sc_travelnode\/im\/clairs\/pictoAgenda.png\"><\/span><h4 class=\"titreFiche\">Rando Gourmande<\/h4><span class=\"commmune\">Centr\u00e8s<\/span><span class=\"criteres\"><span class=\"periode\">- Sunday 18\/10\/2026<\/span>  <br><\/span><\/a><\/li><li data-tn_identifier=\"12262-FMA-20260226160149616\" data-counterTxt=\"24\" data-tn_code=|02.01.03|02.01.03.05.04|02.01.03.03.38 ><a href=\"https:\/\/www.tourisme-aveyron-segala.fr\/en\/oit\/decouverte-des-travers-segali-2\/?lis_id=15\" title=\"Read more...\"><span class=\"symbole imageAgenda\"><\/span><span class=\"vignette\" style=\"background-image:url(https:\/\/www.tourisme-aveyron-segala.fr\/wp-content\/uploads\/2026\/02\/600-98.webp);\"><\/span><span class=\"counter\">24<\/span><span class=\"picto\"><img src=\"https:\/\/www.tourisme-aveyron-segala.fr\/wp-content\/plugins\/sc_travelnode\/im\/clairs\/pictoAgenda.png\"><\/span><h4 class=\"titreFiche\">D\u00e9couverte des travers S\u00e9gali<\/h4><span class=\"commmune\">Sauveterre-de-Rouergue<\/span><span class=\"criteres\"><span class=\"periode\">- Saturday 24\/10\/2026<\/span>  <br><\/span><\/a><\/li><\/ul>\n\t<script type=\"text\/javascript\">\n\t\/* <![CDATA[ *\/\n\t\tvar sc_page = {};\n\t\tsc_page.fichesPage = [\"12262-FMA-20220602152705510\",\"12144-FMA-20250331160447505\",\"12144-FMA-20251125114959321\",\"12262-FMA-20260226150011882\",\"12059-FMA-20220216103350490\",\"12234-FMA-20260414103040026\",\"12162-FMA-20250509102327314\",\"12278-FMA-20250407105441794\",\"12258-FMA-20260209151730374\",\"12189-FMA-20260330112324889\",\"12258-FMA-20260209153707719\",\"12021-FMA-20240118091335672\",\"12198-FMA-20240206143312847\",\"12021-FMA-20171109163838785\",\"12021-FMA-20220512155354125\",\"12198-FMA-20220307091832296\",\"12258-FMA-20260209153511271\",\"12198-FMA-20260226152737102\",\"12065-FMA-20260226153111446\",\"12198-FMA-20220307095307931\",\"12021-FMA-20200124102520281\",\"12194-FMA-20260226155451604\",\"12065-FMA-20260226155833010\",\"12262-FMA-20260226160149616\"];\n\t\tsc_page.zoom = 11;\n\t\tsc_page.lis_id = 15;\n\t\tsc_page.current_tn_identifier = \"\";\n\t\tsc_page.current_counter_text = \"\";\n\t\/* ]]> *\/\n\t<\/script>\n\t<div id=\"carto\"><\/div>\n","protected":false},"excerpt":{"rendered":"<p>Try out these facilities<br \/>\nto get the best from your sporting holiday !  [&#8230;]<\/p>\n<p><a class=\"btn btn-secondary understrap-read-more-link\" href=\"https:\/\/www.tourisme-aveyron-segala.fr\/en\/breath-fresh-air\/sport\/\">Read More&#8230;<\/a><\/p>\n","protected":false},"author":1,"featured_media":14514,"parent":14443,"menu_order":90,"comment_status":"closed","ping_status":"closed","template":"page-templates\/page-listeAgenda.php","meta":[],"_links":{"self":[{"href":"https:\/\/www.tourisme-aveyron-segala.fr\/en\/wp-json\/wp\/v2\/pages\/14527"}],"collection":[{"href":"https:\/\/www.tourisme-aveyron-segala.fr\/en\/wp-json\/wp\/v2\/pages"}],"about":[{"href":"https:\/\/www.tourisme-aveyron-segala.fr\/en\/wp-json\/wp\/v2\/types\/page"}],"author":[{"embeddable":true,"href":"https:\/\/www.tourisme-aveyron-segala.fr\/en\/wp-json\/wp\/v2\/users\/1"}],"replies":[{"embeddable":true,"href":"https:\/\/www.tourisme-aveyron-segala.fr\/en\/wp-json\/wp\/v2\/comments?post=14527"}],"version-history":[{"count":3,"href":"https:\/\/www.tourisme-aveyron-segala.fr\/en\/wp-json\/wp\/v2\/pages\/14527\/revisions"}],"predecessor-version":[{"id":15302,"href":"https:\/\/www.tourisme-aveyron-segala.fr\/en\/wp-json\/wp\/v2\/pages\/14527\/revisions\/15302"}],"up":[{"embeddable":true,"href":"https:\/\/www.tourisme-aveyron-segala.fr\/en\/wp-json\/wp\/v2\/pages\/14443"}],"wp:featuredmedia":[{"embeddable":true,"href":"https:\/\/www.tourisme-aveyron-segala.fr\/en\/wp-json\/wp\/v2\/media\/14514"}],"wp:attachment":[{"href":"https:\/\/www.tourisme-aveyron-segala.fr\/en\/wp-json\/wp\/v2\/media?parent=14527"}],"curies":[{"name":"wp","href":"https:\/\/api.w.org\/{rel}","templated":true}]}}